{"id":10,"date":"2023-11-21T11:10:30","date_gmt":"2023-11-21T10:10:30","guid":{"rendered":"https:\/\/dev.weizmann.at\/?page_id=10"},"modified":"2023-11-28T08:36:28","modified_gmt":"2023-11-28T07:36:28","slug":"weizmann-institute-of-science","status":"publish","type":"page","link":"https:\/\/dev.weizmann.at\/en\/weizmann-institute-of-science\/","title":{"rendered":"Weizmann Institute of Science"},"content":{"rendered":"<div data-elementor-type=\"wp-page\" data-elementor-id=\"10\" class=\"elementor elementor-10\">\n\t\t\t\t<div class=\"elementor-element elementor-element-21d3e6e e-flex e-con-boxed e-con e-parent\" data-id=\"21d3e6e\" data-element_type=\"container\">\n\t\t\t\t\t<div class=\"e-con-inner\">\n\t\t\t\t<div class=\"elementor-element elementor-element-40d8cde elementor-widget elementor-widget-text-editor\" data-id=\"40d8cde\" data-element_type=\"widget\" data-widget_type=\"text-editor.default\">\n\t\t\t\t<div class=\"elementor-widget-container\">\n\t\t\t<style>\/*! elementor - v3.22.0 - 17-06-2024 *\/\n.elementor-widget-text-editor.elementor-drop-cap-view-stacked .elementor-drop-cap{background-color:#69727d;color:#fff}.elementor-widget-text-editor.elementor-drop-cap-view-framed .elementor-drop-cap{color:#69727d;border:3px solid;background-color:transparent}.elementor-widget-text-editor:not(.elementor-drop-cap-view-default) .elementor-drop-cap{margin-top:8px}.elementor-widget-text-editor:not(.elementor-drop-cap-view-default) .elementor-drop-cap-letter{width:1em;height:1em}.elementor-widget-text-editor .elementor-drop-cap{float:left;text-align:center;line-height:1;font-size:50px}.elementor-widget-text-editor .elementor-drop-cap-letter{display:inline-block}<\/style>\t\t\t\t<p><strong>About the Weizmann Institute of Science<\/strong><\/p><p>The <a href=\"https:\/\/www.weizmann.ac.il\/pages\/\">Weizmann Institute of Science<\/a> is one of the world's leading research institutions. With over 250 research groups across five faculties - Biology, Biochemistry, Chemistry, Mathematics and Computer Science, and Physics, the institute is making ground-breaking discoveries. These findings not only contribute to the fundamental understanding of mankind and the universe, but also lead to advances in medicine, technology and environmental protection. The institute is known for pioneering developments such as the development of a new technique, called 3TP (Three Time Point) for detecting cancer and ground-breaking drugs for multiple sclerosis.<\/p><p>The history of the Weizmann Institute of Science is closely linked to the history of its supporters and benefactors from different parts of the world. Originally established through the generous support of the British Sieff family, the Institute has proudly forged an extensive international network of friends and supporters, all united by a common vision of advancing science for the benefit of humanity.<\/p><p><strong>Founding history<\/strong><\/p><p>The Weizmann Institute of Science was founded by Professor Chaim Weizmann (1874 \u2013 1952) in 1934 as the Daniel Sieff Research Institute, named in memory of the son of U.K. donors Rebecca and Israel Sieff. The Institute was renamed in honor of Dr. Weizmann in 1949. Dr. Weizmann was a renowned chemist, who saw his vision of the establishment of a Jewish state in the Land of Israel and of higher education in Israel all come to fruition during his lifetime. In partnership with others, he established the Hebrew University of Jerusalem in 1925 and the Weizmann Institute of Science.<\/p><p>While working as a lecturer at the University of Manchester, Dr. Weizmann developed the process for producing acetone through bacterial fermentation, which was of great importance to the British during World War I. He worked with Lord Arthur James Balfour to write the Balfour Declaration in support of the establishment of the State of Israel and met with U.S. President Harry Truman to convince him to support the State\u2019s establishment. Dr. Weizmann became the first President of the State of Israel. His residence on the Weizmann Institute campus is now a museum and a national landmark.<\/p><p><img fetchpriority=\"high\" decoding=\"async\" class=\"alignnone size-medium wp-image-81\" src=\"https:\/\/dev.weizmann.at\/wp-content\/uploads\/2023\/11\/weizmann-236x300.jpg\" alt=\"\" width=\"236\" height=\"300\" srcset=\"https:\/\/dev.weizmann.at\/wp-content\/uploads\/2023\/11\/weizmann-236x300.jpg 236w, https:\/\/dev.weizmann.at\/wp-content\/uploads\/2023\/11\/weizmann-9x12.jpg 9w, https:\/\/dev.weizmann.at\/wp-content\/uploads\/2023\/11\/weizmann.jpg 768w\" sizes=\"(max-width: 236px) 100vw, 236px\" \/><\/p><p>Dr. Chaim Weizmann<\/p><p>\u00a0<\/p><p><strong>European Committee of the Weizmann Institute of Science (ECWIS)<\/strong><\/p><p>The <a href=\"https:\/\/ecwis.org\/\">ECWIS<\/a> was founded in 1960 as a non-profit organisation in Zurich, Switzerland. The aim was to raise funds and strengthen international scientific co-operation to promote the Weizmann Institute in Rehovot. Today, ECWIS operates from Zurich and Rehovot and has European partner organisations in various countries. These include in particular the \"Austrian Society of Friends of the Weizmann Institute of Science\". There are further partner organisations in Belgium, Denmark, Germany, Greece, Hungary, Italy, Liechtenstein, the Netherlands, Spain, Sweden and Switzerland. In addition to these societies, WYEN also stands out as a significant supporter of the Institute. The Weizmann Young European Network (WYEN) is a select group of science and business leaders from across Europe who are passionate about using their knowledge, experience and success to create long-term social impact. The Societies of Friends support the Institute's research, which is characterised by numerous groundbreaking discoveries, such as the structural elucidation of the ribosome by Prof. Ada Yonath, a Nobel Prize winner.<\/p><p><img decoding=\"async\" class=\"alignnone size-medium wp-image-82\" src=\"https:\/\/dev.weizmann.at\/wp-content\/uploads\/2023\/11\/Laender-300x278.png\" alt=\"\" width=\"300\" height=\"278\" srcset=\"https:\/\/dev.weizmann.at\/wp-content\/uploads\/2023\/11\/Laender-300x278.png 300w, https:\/\/dev.weizmann.at\/wp-content\/uploads\/2023\/11\/Laender-13x12.png 13w, https:\/\/dev.weizmann.at\/wp-content\/uploads\/2023\/11\/Laender.png 717w\" sizes=\"(max-width: 300px) 100vw, 300px\" \/><\/p><p><strong>\u00a0<\/strong><\/p><p><strong>Research and discoveries<\/strong><\/p><p>The Weizmann Institute of Science has done pioneering work in cancer research that has led to groundbreaking discoveries. The Weizmann Institute of Science was the first institute in the world to clone the p53 gene, which is involved in 50% of all cancers. The institute also plays a key role in the field of neuroscience and the development of basic research instruments such as nuclear magnetic resonance.<\/p><p>The researchers at the Weizmann Institute of Science are strongly committed to science education and offer programmes for young people to awaken their enthusiasm for science. This is reflected in particular in the Dr. Bessie F. Lawrence International Summer Science Institute (ISSI).<\/p><p><strong>Weizmann Institute of Science today<\/strong><\/p><p>The campus of the Weizmann Institute of Science in Rehovot covers an area of 1.2 square kilometres and is home to a diverse community of 2,500 employees. The institute has a large budget, which it invests in research into alternative energy sources and emerging fields of science. In addition to its ground-breaking research, the institute is actively involved in educational initiatives.<\/p>\t\t\t\t\t\t<\/div>\n\t\t\t\t<\/div>\n\t\t\t\t\t<\/div>\n\t\t\t\t<\/div>\n\t\t\t\t<\/div>","protected":false},"excerpt":{"rendered":"<p>\u00dcber das Weizmann Institute of Science Das Weizmann Institute of Science z\u00e4hlt zu den weltweit f\u00fchrenden Forschungseinrichtungen. Mit \u00fcber 250 Forschungsgruppen in f\u00fcnf Fakult\u00e4ten, darunter Biologie, Biochemie, Chemie, Mathematik und Informatik, sowie Physik, erzielt das Institut bahnbrechende Erkenntnisse. Diese Erkenntnisse &hellip; <\/p>","protected":false},"author":1,"featured_media":0,"parent":0,"menu_order":0,"comment_status":"closed","ping_status":"closed","template":"","meta":{"footnotes":""},"class_list":["post-10","page","type-page","status-publish","hentry"],"_links":{"self":[{"href":"https:\/\/dev.weizmann.at\/en\/wp-json\/wp\/v2\/pages\/10","targetHints":{"allow":["GET"]}}],"collection":[{"href":"https:\/\/dev.weizmann.at\/en\/wp-json\/wp\/v2\/pages"}],"about":[{"href":"https:\/\/dev.weizmann.at\/en\/wp-json\/wp\/v2\/types\/page"}],"author":[{"embeddable":true,"href":"https:\/\/dev.weizmann.at\/en\/wp-json\/wp\/v2\/users\/1"}],"replies":[{"embeddable":true,"href":"https:\/\/dev.weizmann.at\/en\/wp-json\/wp\/v2\/comments?post=10"}],"version-history":[{"count":4,"href":"https:\/\/dev.weizmann.at\/en\/wp-json\/wp\/v2\/pages\/10\/revisions"}],"predecessor-version":[{"id":85,"href":"https:\/\/dev.weizmann.at\/en\/wp-json\/wp\/v2\/pages\/10\/revisions\/85"}],"wp:attachment":[{"href":"https:\/\/dev.weizmann.at\/en\/wp-json\/wp\/v2\/media?parent=10"}],"curies":[{"name":"wp","href":"https:\/\/api.w.org\/{rel}","templated":true}]}}